{"id":9979,"date":"2022-03-22T12:21:14","date_gmt":"2022-03-22T12:21:14","guid":{"rendered":"https:\/\/theskill.eu\/comunicazione-legale-e-professionale\/"},"modified":"2022-11-03T08:33:37","modified_gmt":"2022-11-03T08:33:37","slug":"comunicacion-legal-y-profesional","status":"publish","type":"page","link":"https:\/\/theskill.eu\/es\/servicios\/comunicacion-legal-y-profesional\/","title":{"rendered":"Comunicaci\u00f3n legal y profesional"},"content":{"rendered":"<p>[vc_row][vc_column][vc_column_text]<\/p>\n<p style=\"text-align: justify;\">En los \u00faltimos 10 a\u00f1os, la relaci\u00f3n entre el mundo legal y la comunicaci\u00f3n ha cambiado profundamente. Hemos pasado de los tiempos de \u00absin comentarios\u00bb a buscar los focos, los premios, las c\u00e1maras. Hay incluso, en el \u00e1mbito forense, quien piensa que es m\u00e1s importante ser buenos comunicadores que excelentes abogados o profesionales. No es as\u00ed.<\/p>\n<p style=\"text-align: justify;\">Sin embargo, la comunicaci\u00f3n puede poner en pr\u00e1ctica los resultados de valiosos profesionales, ya sean abogados, notarios, contables o m\u00e9dicos. \u00bfC\u00f3mo lo hace? Eligiendo los medios de comunicaci\u00f3n adecuados, llegando al p\u00fablico que realmente nos importa, definiendo y afinando los mensajes clave, y transmitiendo los logros en el momento oportuno.<\/p>\n<p>[\/vc_column_text][\/vc_column][\/vc_row]<\/p>\n","protected":false},"excerpt":{"rendered":"<p>[vc_row][vc_column][vc_column_text] En los \u00faltimos 10 a\u00f1os, la relaci\u00f3n entre el mundo legal y la comunicaci\u00f3n ha cambiado profundamente. Hemos pasado de los tiempos de \u00absin comentarios\u00bb a buscar los focos,&hellip;<\/p>\n","protected":false},"author":1,"featured_media":9864,"parent":10004,"menu_order":0,"comment_status":"closed","ping_status":"closed","template":"","meta":[],"yoast_head":"<!-- This site is optimized with the Yoast SEO plugin v18.4.1 - https:\/\/yoast.com\/wordpress\/plugins\/seo\/ -->\n<title>Comunicaci\u00f3n legal y profesional - The Skill<\/title>\n<meta name=\"robots\" content=\"index, follow, max-snippet:-1, max-image-preview:large, max-video-preview:-1\" \/>\n<link rel=\"canonical\" href=\"https:\/\/theskill.eu\/es\/servicios\/comunicacion-legal-y-profesional\/\" \/>\n<meta property=\"og:locale\" content=\"es_ES\" \/>\n<meta property=\"og:type\" content=\"article\" \/>\n<meta property=\"og:title\" content=\"Comunicaci\u00f3n legal y profesional - The Skill\" \/>\n<meta property=\"og:description\" content=\"[vc_row][vc_column][vc_column_text] En los \u00faltimos 10 a\u00f1os, la relaci\u00f3n entre el mundo legal y la comunicaci\u00f3n ha cambiado profundamente. Hemos pasado de los tiempos de \u00absin comentarios\u00bb a buscar los focos,&hellip;\" \/>\n<meta property=\"og:url\" content=\"https:\/\/theskill.eu\/es\/servicios\/comunicacion-legal-y-profesional\/\" \/>\n<meta property=\"og:site_name\" content=\"The Skill\" \/>\n<meta property=\"article:modified_time\" content=\"2022-11-03T08:33:37+00:00\" \/>\n<meta property=\"og:image\" content=\"https:\/\/theskill.eu\/wp-content\/uploads\/2022\/03\/banner3.jpg\" \/>\n\t<meta property=\"og:image:width\" content=\"2000\" \/>\n\t<meta property=\"og:image:height\" content=\"698\" \/>\n\t<meta property=\"og:image:type\" content=\"image\/jpeg\" \/>\n<meta name=\"twitter:card\" content=\"summary_large_image\" \/>\n<meta name=\"twitter:label1\" content=\"Tiempo de lectura\" \/>\n\t<meta name=\"twitter:data1\" content=\"1 minuto\" \/>\n<script type=\"application\/ld+json\" class=\"yoast-schema-graph\">{\"@context\":\"https:\/\/schema.org\",\"@graph\":[{\"@type\":\"WebSite\",\"@id\":\"https:\/\/theskill.eu\/#website\",\"url\":\"https:\/\/theskill.eu\/\",\"name\":\"The Skill\",\"description\":\"Studio di Comunicazione\",\"potentialAction\":[{\"@type\":\"SearchAction\",\"target\":{\"@type\":\"EntryPoint\",\"urlTemplate\":\"https:\/\/theskill.eu\/?s={search_term_string}\"},\"query-input\":\"required name=search_term_string\"}],\"inLanguage\":\"es\"},{\"@type\":\"ImageObject\",\"@id\":\"https:\/\/theskill.eu\/es\/servicios\/comunicacion-legal-y-profesional\/#primaryimage\",\"inLanguage\":\"es\",\"url\":\"https:\/\/theskill.eu\/wp-content\/uploads\/2022\/03\/banner3.jpg\",\"contentUrl\":\"https:\/\/theskill.eu\/wp-content\/uploads\/2022\/03\/banner3.jpg\",\"width\":2000,\"height\":698},{\"@type\":\"WebPage\",\"@id\":\"https:\/\/theskill.eu\/es\/servicios\/comunicacion-legal-y-profesional\/#webpage\",\"url\":\"https:\/\/theskill.eu\/es\/servicios\/comunicacion-legal-y-profesional\/\",\"name\":\"Comunicaci\u00f3n legal y profesional - The Skill\",\"isPartOf\":{\"@id\":\"https:\/\/theskill.eu\/#website\"},\"primaryImageOfPage\":{\"@id\":\"https:\/\/theskill.eu\/es\/servicios\/comunicacion-legal-y-profesional\/#primaryimage\"},\"datePublished\":\"2022-03-22T12:21:14+00:00\",\"dateModified\":\"2022-11-03T08:33:37+00:00\",\"breadcrumb\":{\"@id\":\"https:\/\/theskill.eu\/es\/servicios\/comunicacion-legal-y-profesional\/#breadcrumb\"},\"inLanguage\":\"es\",\"potentialAction\":[{\"@type\":\"ReadAction\",\"target\":[\"https:\/\/theskill.eu\/es\/servicios\/comunicacion-legal-y-profesional\/\"]}]},{\"@type\":\"BreadcrumbList\",\"@id\":\"https:\/\/theskill.eu\/es\/servicios\/comunicacion-legal-y-profesional\/#breadcrumb\",\"itemListElement\":[{\"@type\":\"ListItem\",\"position\":1,\"name\":\"Home\",\"item\":\"https:\/\/theskill.eu\/es\/\"},{\"@type\":\"ListItem\",\"position\":2,\"name\":\"Servicios\",\"item\":\"https:\/\/theskill.eu\/es\/servicios\/\"},{\"@type\":\"ListItem\",\"position\":3,\"name\":\"Comunicaci\u00f3n legal y profesional\"}]}]}<\/script>\n<!-- \/ Yoast SEO plugin. -->","yoast_head_json":{"title":"Comunicaci\u00f3n legal y profesional - The Skill","robots":{"index":"index","follow":"follow","max-snippet":"max-snippet:-1","max-image-preview":"max-image-preview:large","max-video-preview":"max-video-preview:-1"},"canonical":"https:\/\/theskill.eu\/es\/servicios\/comunicacion-legal-y-profesional\/","og_locale":"es_ES","og_type":"article","og_title":"Comunicaci\u00f3n legal y profesional - The Skill","og_description":"[vc_row][vc_column][vc_column_text] En los \u00faltimos 10 a\u00f1os, la relaci\u00f3n entre el mundo legal y la comunicaci\u00f3n ha cambiado profundamente. Hemos pasado de los tiempos de \u00absin comentarios\u00bb a buscar los focos,&hellip;","og_url":"https:\/\/theskill.eu\/es\/servicios\/comunicacion-legal-y-profesional\/","og_site_name":"The Skill","article_modified_time":"2022-11-03T08:33:37+00:00","og_image":[{"width":2000,"height":698,"url":"https:\/\/theskill.eu\/wp-content\/uploads\/2022\/03\/banner3.jpg","type":"image\/jpeg"}],"twitter_card":"summary_large_image","twitter_misc":{"Tiempo de lectura":"1 minuto"},"schema":{"@context":"https:\/\/schema.org","@graph":[{"@type":"WebSite","@id":"https:\/\/theskill.eu\/#website","url":"https:\/\/theskill.eu\/","name":"The Skill","description":"Studio di Comunicazione","potentialAction":[{"@type":"SearchAction","target":{"@type":"EntryPoint","urlTemplate":"https:\/\/theskill.eu\/?s={search_term_string}"},"query-input":"required name=search_term_string"}],"inLanguage":"es"},{"@type":"ImageObject","@id":"https:\/\/theskill.eu\/es\/servicios\/comunicacion-legal-y-profesional\/#primaryimage","inLanguage":"es","url":"https:\/\/theskill.eu\/wp-content\/uploads\/2022\/03\/banner3.jpg","contentUrl":"https:\/\/theskill.eu\/wp-content\/uploads\/2022\/03\/banner3.jpg","width":2000,"height":698},{"@type":"WebPage","@id":"https:\/\/theskill.eu\/es\/servicios\/comunicacion-legal-y-profesional\/#webpage","url":"https:\/\/theskill.eu\/es\/servicios\/comunicacion-legal-y-profesional\/","name":"Comunicaci\u00f3n legal y profesional - The Skill","isPartOf":{"@id":"https:\/\/theskill.eu\/#website"},"primaryImageOfPage":{"@id":"https:\/\/theskill.eu\/es\/servicios\/comunicacion-legal-y-profesional\/#primaryimage"},"datePublished":"2022-03-22T12:21:14+00:00","dateModified":"2022-11-03T08:33:37+00:00","breadcrumb":{"@id":"https:\/\/theskill.eu\/es\/servicios\/comunicacion-legal-y-profesional\/#breadcrumb"},"inLanguage":"es","potentialAction":[{"@type":"ReadAction","target":["https:\/\/theskill.eu\/es\/servicios\/comunicacion-legal-y-profesional\/"]}]},{"@type":"BreadcrumbList","@id":"https:\/\/theskill.eu\/es\/servicios\/comunicacion-legal-y-profesional\/#breadcrumb","itemListElement":[{"@type":"ListItem","position":1,"name":"Home","item":"https:\/\/theskill.eu\/es\/"},{"@type":"ListItem","position":2,"name":"Servicios","item":"https:\/\/theskill.eu\/es\/servicios\/"},{"@type":"ListItem","position":3,"name":"Comunicaci\u00f3n legal y profesional"}]}]}},"_links":{"self":[{"href":"https:\/\/theskill.eu\/es\/wp-json\/wp\/v2\/pages\/9979"}],"collection":[{"href":"https:\/\/theskill.eu\/es\/wp-json\/wp\/v2\/pages"}],"about":[{"href":"https:\/\/theskill.eu\/es\/wp-json\/wp\/v2\/types\/page"}],"author":[{"embeddable":true,"href":"https:\/\/theskill.eu\/es\/wp-json\/wp\/v2\/users\/1"}],"replies":[{"embeddable":true,"href":"https:\/\/theskill.eu\/es\/wp-json\/wp\/v2\/comments?post=9979"}],"version-history":[{"count":1,"href":"https:\/\/theskill.eu\/es\/wp-json\/wp\/v2\/pages\/9979\/revisions"}],"predecessor-version":[{"id":9980,"href":"https:\/\/theskill.eu\/es\/wp-json\/wp\/v2\/pages\/9979\/revisions\/9980"}],"up":[{"embeddable":true,"href":"https:\/\/theskill.eu\/es\/wp-json\/wp\/v2\/pages\/10004"}],"wp:featuredmedia":[{"embeddable":true,"href":"https:\/\/theskill.eu\/es\/wp-json\/wp\/v2\/media\/9864"}],"wp:attachment":[{"href":"https:\/\/theskill.eu\/es\/wp-json\/wp\/v2\/media?parent=9979"}],"curies":[{"name":"wp","href":"https:\/\/api.w.org\/{rel}","templated":true}]}}